{"id":3,"date":"2023-11-19T12:40:55","date_gmt":"2023-11-19T12:40:55","guid":{"rendered":"http:\/\/sayugardenhotel.com\/?page_id=3"},"modified":"2025-06-01T10:47:34","modified_gmt":"2025-06-01T08:47:34","slug":"privacy-policy","status":"publish","type":"page","link":"https:\/\/sayugardenhotel.com\/en\/privacy-policy\/","title":{"rendered":"Privacy Policy"},"content":{"rendered":"<div data-elementor-type=\"wp-page\" data-elementor-id=\"3\" class=\"elementor elementor-3\">\n\t\t\t\t<div class=\"elementor-element elementor-element-8544ef3 e-flex e-con-boxed e-con e-parent\" data-id=\"8544ef3\" data-element_type=\"container\" data-e-type=\"container\">\n\t\t\t\t\t<div class=\"e-con-inner\">\n\t\t\t\t\t<\/div>\n\t\t\t\t<\/div>\n\t\t<div class=\"elementor-element elementor-element-1f49b16 e-flex e-con-boxed e-con e-parent\" data-id=\"1f49b16\" data-element_type=\"container\" data-e-type=\"container\">\n\t\t\t\t\t<div class=\"e-con-inner\">\n\t\t\t\t\t<\/div>\n\t\t\t\t<\/div>\n\t\t<div class=\"elementor-element elementor-element-d49af25 e-flex e-con-boxed e-con e-parent\" data-id=\"d49af25\" data-element_type=\"container\" data-e-type=\"container\">\n\t\t\t\t\t<div class=\"e-con-inner\">\n\t\t\t\t<div class=\"elementor-element elementor-element-e555fdb elementor-widget elementor-widget-text-editor\" data-id=\"e555fdb\" data-element_type=\"widget\" data-e-type=\"widget\" data-widget_type=\"text-editor.default\">\n\t\t\t\t<div class=\"elementor-widget-container\">\n\t\t\t\t\t\t\t\t\t<h2>Data protection regulations<\/h2>\n<p><!-- \/wp:heading --><!-- wp:paragraph --><\/p>\n<p><strong class=\"privacy-policy-tutorial\">Our website address is<\/strong> http:\/\/sayugardenhotel.com.<\/p>\n<p>Protecting the privacy of our customers is of vital importance to us. This Sayu Garden Hotel Privacy Policy explains how we collect and use your personal information. Sayu Garden Hotel is committed to protecting any information you provide to us.\u00a0 <br \/>Please read our privacy policy carefully before using our website. If you do not agree with any part of the privacy policy, please refrain from using the website.<\/p>\n<p><strong>What kind of personal data do we collect?<\/strong><br \/>We collect several types of personal data when you make a reservation.<\/p>\n<p><!-- \/wp:paragraph --><!-- wp:heading --><\/p>\n<ul>\n<li>Name<\/li>\n<li>Gender<\/li>\n<li>Nationality<\/li>\n<li>Residential address including city and country<\/li>\n<li>Contact numbers<\/li>\n<li>E-mail address<\/li>\n<li>Your selected data<\/li>\n<li>Number of people in the reservation<\/li>\n<li>Desired room<\/li>\n<li>Payment information<\/li>\n<\/ul>\n<p>We may also collect non-personally identifiable information about website usage, such as browser name, country information, Internet Protocol (\"IP\") address, operating system, Internet service provider and other similar information. This type of information is collected to improve your experience when using our website and to show you more relevant advertising and messages.<\/p>\n<p><strong>Why do we collect your personal data? <br \/><\/strong>We may collect your personal data for the following purposes;<\/p>\n<ul>\n<li>To process your transactions<\/li>\n<li>For sending e-mails<\/li>\n<li>To monitor the relationships with our customers<\/li>\n<\/ul>\n<p><strong>How do we protect your personal data? <br \/><\/strong>We take proactive security measures to ensure the security of your personal data because the security of your personal data is important to us. We have taken appropriate measures to prevent your personal data from being accidentally lost, stolen, altered or used illegally. <br \/>Nevertheless, we cannot guarantee the complete security of your personal data transmitted via the Internet. Please note that the transmission of information of any kind is at your own risk.<\/p>\n<p><strong>Who do we share your personal data with? <br \/><\/strong>We may share your personal information with trusted third parties for the purpose of transactions and website operation only. <br \/>We are based in Sri Lanka and therefore operate under the laws of Sri Lanka. The guest's booking and these terms and conditions are subject to Sri Lankan law and the exclusive jurisdiction of the Sri Lankan courts.<\/p>\n<p><strong>How long will my personal data be stored? <br \/><\/strong>Your personal data will be stored for the period required by law. It may be stored by Sayu Garden Hotel indefinitely as long as there is a business purpose for doing so. From time to time we will delete your personal data if you have not stayed with us for a number of years.<\/p>\n<p><strong>How do I find out if there are any changes to this policy? <br \/><\/strong>Any changes to the Privacy Policy will be posted on this website. Changes will not apply retroactively to personal data for which you have given your explicit consent and which was obtained prior to the change to the Privacy Policy, unless required by law. If you do not agree with the changes to the Privacy Policy, you may notify us in writing. However, if you do not object, this will be deemed as consent.<\/p>\n<p><strong>Links to other websites<br \/><\/strong>Our website may contain links to third party websites that are not maintained by us. Please note that we are not responsible for the third party websites linked to our website. We strongly advise you to read the privacy policies of these third party websites before using them.<\/p>\n<p><strong>Changes to the privacy policy <br \/><\/strong>We reserve the right to amend, change or modify this Privacy Policy at any time and without prior notice. If we decide to change our privacy policy, we will update the changes on this page.<\/p>\n<p><strong>If you have any questions about our privacy policy, please contact us before booking. By booking, you agree to our terms and conditions.<\/strong><\/p>\t\t\t\t\t\t\t\t<\/div>\n\t\t\t\t<\/div>\n\t\t\t\t\t<\/div>\n\t\t\t\t<\/div>\n\t\t\t\t<\/div>","protected":false},"excerpt":{"rendered":"<p>Datenschutzbestimmungen Unsere Webseitenadresse ist http:\/\/sayugardenhotel.com. Der Schutz der Privatsph\u00e4re unserer Kunden ist f\u00fcr uns von entscheidender Bedeutung. Diese Datenschutzrichtlinie von Sayu Garden Hotel erkl\u00e4rt, wie wir Ihre pers\u00f6nlichen Daten sammeln und verwenden. Sayu Garden Hotel verpflichtet sich, jede Art von Information, die Sie uns zur Verf\u00fcgung stellen, zu sch\u00fctzen.\u00a0 Bitte lesen Sie unsere Datenschutzrichtlinien sorgf\u00e4ltig &#8230;<\/p>","protected":false},"author":1,"featured_media":0,"parent":0,"menu_order":0,"comment_status":"closed","ping_status":"open","template":"template-fullwidth.php","meta":{"_seopress_robots_primary_cat":"","_seopress_titles_title":"","_seopress_titles_desc":"","_seopress_robots_index":"","cozystay_single_page_hide_site_header":"","cozystay_single_page_site_header_source":"","cozystay_single_page_custom_site_header":"0","cozystay_single_page_custom_sticky_site_header":"0","cozystay_single_page_hide_page_title":"","cozystay_single_page_header_section_size":"","cozystay_single_page_header_background_color":"","cozystay_single_page_header_background_position_x":"center","cozystay_single_page_header_background_position_y":"center","cozystay_single_page_header_background_size":"cover","cozystay_single_page_header_background_repeat":"off","cozystay_single_page_header_background_scroll":"on","cozystay_single_page_header_text_color":"","cozystay_single_page_header_show_breadcrumb":"","cozystay_single_page_site_footer_hide_main":"","cozystay_single_custom_site_footer_main_source":"","cozystay_single_custom_site_footer_main":"0","cozystay_single_page_site_footer_hide_above":"","cozystay_single_custom_site_footer_above_source":"","cozystay_single_custom_site_footer_above":"0","cozystay_single_page_site_footer_hide_instagram":"","cozystay_single_page_site_footer_hide_bottom":"","cozystay_single_custom_mobile_menu_source":"","cozystay_single_custom_mobile_menu":"0","cozystay_single_custom_mobile_menu_animation":"","cozystay_single_custom_mobile_menu_width":"","cozystay_single_custom_mobile_menu_custom_width":375,"footnotes":""},"class_list":["post-3","page","type-page","status-publish","hentry"],"_links":{"self":[{"href":"https:\/\/sayugardenhotel.com\/en\/wp-json\/wp\/v2\/pages\/3","targetHints":{"allow":["GET"]}}],"collection":[{"href":"https:\/\/sayugardenhotel.com\/en\/wp-json\/wp\/v2\/pages"}],"about":[{"href":"https:\/\/sayugardenhotel.com\/en\/wp-json\/wp\/v2\/types\/page"}],"author":[{"embeddable":true,"href":"https:\/\/sayugardenhotel.com\/en\/wp-json\/wp\/v2\/users\/1"}],"replies":[{"embeddable":true,"href":"https:\/\/sayugardenhotel.com\/en\/wp-json\/wp\/v2\/comments?post=3"}],"version-history":[{"count":10,"href":"https:\/\/sayugardenhotel.com\/en\/wp-json\/wp\/v2\/pages\/3\/revisions"}],"predecessor-version":[{"id":3790,"href":"https:\/\/sayugardenhotel.com\/en\/wp-json\/wp\/v2\/pages\/3\/revisions\/3790"}],"wp:attachment":[{"href":"https:\/\/sayugardenhotel.com\/en\/wp-json\/wp\/v2\/media?parent=3"}],"curies":[{"name":"wp","href":"https:\/\/api.w.org\/{rel}","templated":true}]}}