{"id":2889,"date":"2024-01-27T13:46:48","date_gmt":"2024-01-27T12:46:48","guid":{"rendered":"https:\/\/sayugardenhotel.com\/?page_id=2889"},"modified":"2026-05-01T10:19:13","modified_gmt":"2026-05-01T08:19:13","slug":"beach-shuttle","status":"publish","type":"page","link":"https:\/\/sayugardenhotel.com\/en\/beach-shuttle\/","title":{"rendered":"Beach Shuttle"},"content":{"rendered":"<div data-elementor-type=\"wp-page\" data-elementor-id=\"2889\" class=\"elementor elementor-2889\">\n\t\t\t\t\t\t<section class=\"elementor-section elementor-top-section elementor-element elementor-element-add9dc2 elementor-section-height-min-height elementor-section-boxed elementor-section-height-default elementor-section-items-middle\" data-id=\"add9dc2\" data-element_type=\"section\" data-e-type=\"section\" data-settings=\"{&quot;background_background&quot;:&quot;classic&quot;}\">\n\t\t\t\t\t\t\t<div class=\"elementor-background-overlay\"><\/div>\n\t\t\t\t\t\t\t<div class=\"elementor-container elementor-column-gap-no\">\n\t\t\t\t\t<div class=\"elementor-column elementor-col-66 elementor-top-column elementor-element elementor-element-29bdbc3\" data-id=\"29bdbc3\" data-element_type=\"column\" data-e-type=\"column\">\n\t\t\t<div class=\"elementor-widget-wrap elementor-element-populated\">\n\t\t\t\t\t\t<div class=\"elementor-element elementor-element-9303ab0 elementor-widget elementor-widget-cs_title\" data-id=\"9303ab0\" data-element_type=\"widget\" data-e-type=\"widget\" data-widget_type=\"cs_title.default\">\n\t\t\t\t<div class=\"elementor-widget-container\">\n\t\t\t\t\t\n        <div class=\"cs-title-wrap\">\t            <div class=\"cs-subtitle-wrap\"><span class=\"cs-subtitle color-black\">Beach shuttle with Sayu Garden Hotel<\/span><\/div>\t            <h2 class=\"cs-title color-black\">\n\t                Beach shuttle\t            <\/h2>\t            <div class=\"cs-title-text color-white\">\n\t                <p data-sourcepos=\"3:1-3:215\"><span style=\"color: #000000;\">Habaraduwa is a small town on the southwest coast of Sri Lanka. It is known for its beautiful beaches, which are ideal for swimming, sunbathing and snorkeling.<\/span><br \/><span style=\"color: #000000;\">We drive you everywhere and pick you up again.  We are happy to give you a small snack.<\/span><\/p><p data-sourcepos=\"3:1-3:20\"><span style=\"color: #000000;\"><strong>Habaraduwa Beach<br \/><\/strong>Habaraduwa Beach is the main beach in the village. It is around 2 kilometers long and is characterized by its white sand and turquoise water. The beach is gently sloping and therefore ideal for families with children.<\/span><\/p><p data-sourcepos=\"8:1-8:17\"><span style=\"color: #000000;\"><strong>Koggala Beach<br \/><\/strong>Koggala Beach is located around 3 kilometers from Habaraduwa. It is about 5 kilometers long and is characterized by its wide sandy area and numerous palm trees. The beach is ideal for sunbathing and long walks.<\/span><\/p><p data-sourcepos=\"13:1-13:19\"><span style=\"color: #000000;\"><strong>Unawatuna Beach <br \/><\/strong>Unawatuna Beach is located around 10 kilometers from Habaraduwa. It is around 2 kilometers long and is characterized by its colourful coral reefs and diverse underwater world. The beach is ideal for snorkeling and diving.<\/span><\/p>\t            <\/div>        <\/div>\t\t\t\t<\/div>\n\t\t\t\t<\/div>\n\t\t\t\t\t<\/div>\n\t\t<\/div>\n\t\t\t\t<div class=\"elementor-column elementor-col-33 elementor-top-column elementor-element elementor-element-939d3d8\" data-id=\"939d3d8\" data-element_type=\"column\" data-e-type=\"column\">\n\t\t\t<div class=\"elementor-widget-wrap elementor-element-populated\">\n\t\t\t\t\t\t<section class=\"elementor-section elementor-inner-section elementor-element elementor-element-7e4c042 elementor-section-boxed elementor-section-height-default elementor-section-height-default\" data-id=\"7e4c042\" data-element_type=\"section\" data-e-type=\"section\" data-settings=\"{&quot;background_background&quot;:&quot;classic&quot;}\">\n\t\t\t\t\t\t<div class=\"elementor-container elementor-column-gap-no\">\n\t\t\t\t\t<div class=\"elementor-column elementor-col-100 elementor-inner-column elementor-element elementor-element-292b7a0\" data-id=\"292b7a0\" data-element_type=\"column\" data-e-type=\"column\">\n\t\t\t<div class=\"elementor-widget-wrap elementor-element-populated\">\n\t\t\t\t\t\t<div class=\"elementor-element elementor-element-45d652b elementor-widget elementor-widget-cs_title\" data-id=\"45d652b\" data-element_type=\"widget\" data-e-type=\"widget\" data-widget_type=\"cs_title.default\">\n\t\t\t\t<div class=\"elementor-widget-container\">\n\t\t\t\t\t\n        <div class=\"cs-title-wrap\">\t            <h6 class=\"cs-title\">\n\t                More Information:\t            <\/h6>        <\/div>\t\t\t\t<\/div>\n\t\t\t\t<\/div>\n\t\t\t\t<div class=\"elementor-element elementor-element-0f96610 elementor-widget elementor-widget-cs_list\" data-id=\"0f96610\" data-element_type=\"widget\" data-e-type=\"widget\" data-widget_type=\"cs_list.default\">\n\t\t\t\t<div class=\"elementor-widget-container\">\n\t\t\t\t\t\n            <ul class=\"cs-list cs-list-type-unordered with-border\">                <li>                        <span class=\"list-icon color-primary\">\n                            <svg aria-hidden=\"true\" class=\"e-font-icon-svg e-fas-circle\" viewbox=\"0 0 512 512\" xmlns=\"http:\/\/www.w3.org\/2000\/svg\"><path d=\"M256 8C119 8 8 119 8 256s111 248 248 248 248-111 248-248S393 8 256 8z\"><\/path><\/svg>                        <\/span>                    <span class=\"list-content\">Minimum Age: equal<\/span>                <\/li>                <li>                        <span class=\"list-icon color-primary\">\n                            <svg aria-hidden=\"true\" class=\"e-font-icon-svg e-fas-circle\" viewbox=\"0 0 512 512\" xmlns=\"http:\/\/www.w3.org\/2000\/svg\"><path d=\"M256 8C119 8 8 119 8 256s111 248 248 248 248-111 248-248S393 8 256 8z\"><\/path><\/svg>                        <\/span>                    <span class=\"list-content\">Half or Full Day Trip<\/span>                <\/li>                <li>                        <span class=\"list-icon color-primary\">\n                            <svg aria-hidden=\"true\" class=\"e-font-icon-svg e-fas-circle\" viewbox=\"0 0 512 512\" xmlns=\"http:\/\/www.w3.org\/2000\/svg\"><path d=\"M256 8C119 8 8 119 8 256s111 248 248 248 248-111 248-248S393 8 256 8z\"><\/path><\/svg>                        <\/span>                    <span class=\"list-content\">Available Year-round<\/span>                <\/li>            <\/ul>\t\t\t\t<\/div>\n\t\t\t\t<\/div>\n\t\t\t\t<div class=\"elementor-element elementor-element-137769a elementor-position-inline-start elementor-mobile-position-inline-start elementor-view-default elementor-widget elementor-widget-icon-box\" data-id=\"137769a\" data-element_type=\"widget\" data-e-type=\"widget\" data-widget_type=\"icon-box.default\">\n\t\t\t\t<div class=\"elementor-widget-container\">\n\t\t\t\t\t\t\t<div class=\"elementor-icon-box-wrapper\">\n\n\t\t\t\t\t\t<div class=\"elementor-icon-box-icon\">\n\t\t\t\t<span  class=\"elementor-icon\">\n\t\t\t\t<svg aria-hidden=\"true\" class=\"e-font-icon-svg e-fas-phone-alt\" viewbox=\"0 0 512 512\" xmlns=\"http:\/\/www.w3.org\/2000\/svg\"><path d=\"M497.39 361.8l-112-48a24 24 0 0 0-28 6.9l-49.6 60.6A370.66 370.66 0 0 1 130.6 204.11l60.6-49.6a23.94 23.94 0 0 0 6.9-28l-48-112A24.16 24.16 0 0 0 122.6.61l-104 24A24 24 0 0 0 0 48c0 256.5 207.9 464 464 464a24 24 0 0 0 23.4-18.6l24-104a24.29 24.29 0 0 0-14.01-27.6z\"><\/path><\/svg>\t\t\t\t<\/span>\n\t\t\t<\/div>\n\t\t\t\n\t\t\t\t\t\t<div class=\"elementor-icon-box-content\">\n\n\t\t\t\t\t\t\t\t\t<div class=\"elementor-icon-box-title\">\n\t\t\t\t\t\t<span  >\n\t\t\t\t\t\t\tReservation By Phone\t\t\t\t\t\t<\/span>\n\t\t\t\t\t<\/div>\n\t\t\t\t\n\t\t\t\t\t\t\t\t\t<p class=\"elementor-icon-box-description\">\n\t\t\t\t\t\t<a href=\"tel:+94773813232\">+94773813232<\/a>\t\t\t\t\t<\/p>\n\t\t\t\t\n\t\t\t<\/div>\n\t\t\t\n\t\t<\/div>\n\t\t\t\t\t\t<\/div>\n\t\t\t\t<\/div>\n\t\t\t\t<div class=\"elementor-element elementor-element-865200d elementor-align-justify elementor-widget elementor-widget-cs_button\" data-id=\"865200d\" data-element_type=\"widget\" data-e-type=\"widget\" data-widget_type=\"cs_button.default\">\n\t\t\t\t<div class=\"elementor-widget-container\">\n\t\t\t\t\t        <a href=\"https:\/\/cozystay.loftocean.com\/island-resort\/contact\/\" class=\"elementor-button-link button cs-btn-color-black\" role=\"button\">\n            <span class=\"cs-btn-text\">Contact Us<\/span>        <\/a>\t\t\t\t<\/div>\n\t\t\t\t<\/div>\n\t\t\t\t\t<\/div>\n\t\t<\/div>\n\t\t\t\t\t<\/div>\n\t\t<\/section>\n\t\t\t\t\t<\/div>\n\t\t<\/div>\n\t\t\t\t\t<\/div>\n\t\t<\/section>\n\t\t\t\t<section class=\"elementor-section elementor-top-section elementor-element elementor-element-37ea18a elementor-section-boxed elementor-section-height-default elementor-section-height-default\" data-id=\"37ea18a\" data-element_type=\"section\" data-e-type=\"section\">\n\t\t\t\t\t\t<div class=\"elementor-container elementor-column-gap-no\">\n\t\t\t\t\t<div class=\"elementor-column elementor-col-100 elementor-top-column elementor-element elementor-element-a90ce01\" data-id=\"a90ce01\" data-element_type=\"column\" data-e-type=\"column\">\n\t\t\t<div class=\"elementor-widget-wrap elementor-element-populated\">\n\t\t\t\t\t\t<div class=\"elementor-element elementor-element-e0a8c36 elementor-widget elementor-widget-cs_gallery\" data-id=\"e0a8c36\" data-element_type=\"widget\" data-e-type=\"widget\" data-widget_type=\"cs_gallery.default\">\n\t\t\t\t<div class=\"elementor-widget-container\">\n\t\t\t\t\t\n            <div class=\"cs-gallery gap-5 gallery-grid grid-col-3\">\n                <div class=\"cs-gallery-wrap\">                    <div class=\"cs-gallery-item\"><img fetchpriority=\"high\" decoding=\"async\" width=\"600\" height=\"600\" src=\"https:\/\/sayugardenhotel.com\/wp-content\/uploads\/2024\/01\/Beachshuttle-sayu-garden-Hotel-\u00a9-Foto-von-anistanwatt-600x600.jpg\" class=\"attachment-cozystay_600x600-crop size-cozystay_600x600-crop wp-image-2892\" alt=\"beachshuttle sayu garden hotel \u00a9 photo by anistanwatt\" srcset=\"https:\/\/sayugardenhotel.com\/wp-content\/uploads\/2024\/01\/Beachshuttle-sayu-garden-Hotel-\u00a9-Foto-von-anistanwatt-600x600.jpg 600w, https:\/\/sayugardenhotel.com\/wp-content\/uploads\/2024\/01\/Beachshuttle-sayu-garden-Hotel-\u00a9-Foto-von-anistanwatt-150x150.jpg 150w, https:\/\/sayugardenhotel.com\/wp-content\/uploads\/2024\/01\/Beachshuttle-sayu-garden-Hotel-\u00a9-Foto-von-anistanwatt-300x300.jpg 300w\" sizes=\"(max-width: 600px) 100vw, 600px\" \/>                    <\/div>                    <div class=\"cs-gallery-item\"><img decoding=\"async\" width=\"600\" height=\"600\" src=\"https:\/\/sayugardenhotel.com\/wp-content\/uploads\/2024\/01\/Beachshulle-sayu-garden-hotel-\u00a9-Foto-von-bhanukamanesha-600x600.jpg\" class=\"attachment-cozystay_600x600-crop size-cozystay_600x600-crop wp-image-2891\" alt=\"beachshulle sayu garden hotel \u00a9 photo by bhanukamanesha\" srcset=\"https:\/\/sayugardenhotel.com\/wp-content\/uploads\/2024\/01\/Beachshulle-sayu-garden-hotel-\u00a9-Foto-von-bhanukamanesha-600x600.jpg 600w, https:\/\/sayugardenhotel.com\/wp-content\/uploads\/2024\/01\/Beachshulle-sayu-garden-hotel-\u00a9-Foto-von-bhanukamanesha-150x150.jpg 150w, https:\/\/sayugardenhotel.com\/wp-content\/uploads\/2024\/01\/Beachshulle-sayu-garden-hotel-\u00a9-Foto-von-bhanukamanesha-300x300.jpg 300w\" sizes=\"(max-width: 600px) 100vw, 600px\" \/>                    <\/div>                    <div class=\"cs-gallery-item\"><img alt=\"\" decoding=\"async\" width=\"600\" height=\"600\" src=\"https:\/\/sayugardenhotel.com\/wp-content\/uploads\/2024\/01\/Bentota-Beach-600x600.jpg\" class=\"attachment-cozystay_600x600-crop size-cozystay_600x600-crop wp-image-2821\" srcset=\"https:\/\/sayugardenhotel.com\/wp-content\/uploads\/2024\/01\/Bentota-Beach-600x600.jpg 600w, https:\/\/sayugardenhotel.com\/wp-content\/uploads\/2024\/01\/Bentota-Beach-150x150.jpg 150w, https:\/\/sayugardenhotel.com\/wp-content\/uploads\/2024\/01\/Bentota-Beach-300x300.jpg 300w\" sizes=\"(max-width: 600px) 100vw, 600px\" \/>                    <\/div>                <\/div>\n            <\/div>\t\t\t\t<\/div>\n\t\t\t\t<\/div>\n\t\t\t\t\t<\/div>\n\t\t<\/div>\n\t\t\t\t\t<\/div>\n\t\t<\/section>\n\t\t\t\t<\/div>","protected":false},"excerpt":{"rendered":"<p>Beach-Shuttle mit Sayu Garden Hotel Beach-Shuttle Habaraduwa ist ein kleiner Ort an der S\u00fcdwestk\u00fcste Sri Lankas. Er ist bekannt f\u00fcr seine sch\u00f6nen Str\u00e4nde, die sich ideal zum Baden, Sonnenbaden und Schnorcheln eignen.Wir fahren dich \u00fcberall hin und holen dich wieder ab.\u00a0 Gerne geben wir dir einen kleinen Snack mit. Habaraduwa BeachDer Habaraduwa Beach ist der &#8230;<\/p>","protected":false},"author":1,"featured_media":2893,"parent":0,"menu_order":0,"comment_status":"closed","ping_status":"closed","template":"","meta":{"_seopress_robots_primary_cat":"","_seopress_titles_title":"Sayu Garden Hotel Beach-Shuttle zu drei Str\u00e4nden","_seopress_titles_desc":"Sayu Garden Hotel bietet einen Beach-Shuttle zum Habaraduwa Beach, Unawatuna Beach, Koggala Beach. %%tagline%%","_seopress_robots_index":"","cozystay_single_page_hide_site_header":"","cozystay_single_page_site_header_source":"","cozystay_single_page_custom_site_header":"0","cozystay_single_page_custom_sticky_site_header":"0","cozystay_single_page_hide_page_title":"","cozystay_single_page_header_section_size":"","cozystay_single_page_header_background_color":"","cozystay_single_page_header_background_position_x":"center","cozystay_single_page_header_background_position_y":"center","cozystay_single_page_header_background_size":"cover","cozystay_single_page_header_background_repeat":"off","cozystay_single_page_header_background_scroll":"on","cozystay_single_page_header_text_color":"","cozystay_single_page_header_show_breadcrumb":"","cozystay_single_page_site_footer_hide_main":"","cozystay_single_custom_site_footer_main_source":"","cozystay_single_custom_site_footer_main":"0","cozystay_single_page_site_footer_hide_above":"","cozystay_single_custom_site_footer_above_source":"","cozystay_single_custom_site_footer_above":"0","cozystay_single_page_site_footer_hide_instagram":"","cozystay_single_page_site_footer_hide_bottom":"","cozystay_single_custom_mobile_menu_source":"","cozystay_single_custom_mobile_menu":"0","cozystay_single_custom_mobile_menu_animation":"","cozystay_single_custom_mobile_menu_width":"","cozystay_single_custom_mobile_menu_custom_width":375,"footnotes":""},"class_list":["post-2889","page","type-page","status-publish","has-post-thumbnail","hentry"],"_links":{"self":[{"href":"https:\/\/sayugardenhotel.com\/en\/wp-json\/wp\/v2\/pages\/2889","targetHints":{"allow":["GET"]}}],"collection":[{"href":"https:\/\/sayugardenhotel.com\/en\/wp-json\/wp\/v2\/pages"}],"about":[{"href":"https:\/\/sayugardenhotel.com\/en\/wp-json\/wp\/v2\/types\/page"}],"author":[{"embeddable":true,"href":"https:\/\/sayugardenhotel.com\/en\/wp-json\/wp\/v2\/users\/1"}],"replies":[{"embeddable":true,"href":"https:\/\/sayugardenhotel.com\/en\/wp-json\/wp\/v2\/comments?post=2889"}],"version-history":[{"count":10,"href":"https:\/\/sayugardenhotel.com\/en\/wp-json\/wp\/v2\/pages\/2889\/revisions"}],"predecessor-version":[{"id":3935,"href":"https:\/\/sayugardenhotel.com\/en\/wp-json\/wp\/v2\/pages\/2889\/revisions\/3935"}],"wp:featuredmedia":[{"embeddable":true,"href":"https:\/\/sayugardenhotel.com\/en\/wp-json\/wp\/v2\/media\/2893"}],"wp:attachment":[{"href":"https:\/\/sayugardenhotel.com\/en\/wp-json\/wp\/v2\/media?parent=2889"}],"curies":[{"name":"wp","href":"https:\/\/api.w.org\/{rel}","templated":true}]}}